{"id":474,"date":"2006-10-25T09:27:15","date_gmt":"2006-10-25T07:27:15","guid":{"rendered":"http:\/\/www.de-brand.net\/blog\/?page_id=3"},"modified":"2006-10-25T09:27:15","modified_gmt":"2006-10-25T07:27:15","slug":"zweck-und-ziel","status":"publish","type":"page","link":"https:\/\/www.de-brand.net\/blog\/zweck-und-ziel\/","title":{"rendered":"Zweck &#038; Ziel"},"content":{"rendered":"<p>Es gibt keine Diktatur der Marken, sondern eher eine <abbr lang=\"de\" title=\"Georg Franck, 1998, 2005\">\u00d6konomie der Aufmerksamkeit<\/abbr>, deren Teil sowohl die Konsumenten, als auch die Firmen und Marken sind. Dabei haben die Kr\u00e4fte der Marken momentan die st\u00e4rkere Position. Auch, weil Branding ein Paradigma zu sein scheint, das f\u00fcr alle Mitspieler so selbstverst\u00e4ndlich ist, da\u00df dessen Schattenseiten zumeist unbewu\u00dft bleiben. Diese Bewu\u00dft zu machen ist das Ziel von De-Branding.<\/p>\n","protected":false},"excerpt":{"rendered":"<p>Es gibt keine Diktatur der Marken, sondern eher eine \u00d6konomie der Aufmerksamkeit, deren Teil sowohl die Konsumenten, als auch die Firmen und Marken sind. Dabei haben die Kr\u00e4fte der Marken momentan die st\u00e4rkere Position. Auch, weil Branding ein Paradigma zu sein scheint, das f\u00fcr alle Mitspieler so selbstverst\u00e4ndlich ist, da\u00df dessen Schattenseiten zumeist unbewu\u00dft bleiben. [&hellip;]<\/p>\n","protected":false},"author":1,"featured_media":0,"parent":0,"menu_order":0,"comment_status":"open","ping_status":"open","template":"","meta":{"footnotes":""},"class_list":["post-474","page","type-page","status-publish","hentry"],"_links":{"self":[{"href":"https:\/\/www.de-brand.net\/blog\/wp-json\/wp\/v2\/pages\/474","targetHints":{"allow":["GET"]}}],"collection":[{"href":"https:\/\/www.de-brand.net\/blog\/wp-json\/wp\/v2\/pages"}],"about":[{"href":"https:\/\/www.de-brand.net\/blog\/wp-json\/wp\/v2\/types\/page"}],"author":[{"embeddable":true,"href":"https:\/\/www.de-brand.net\/blog\/wp-json\/wp\/v2\/users\/1"}],"replies":[{"embeddable":true,"href":"https:\/\/www.de-brand.net\/blog\/wp-json\/wp\/v2\/comments?post=474"}],"version-history":[{"count":0,"href":"https:\/\/www.de-brand.net\/blog\/wp-json\/wp\/v2\/pages\/474\/revisions"}],"wp:attachment":[{"href":"https:\/\/www.de-brand.net\/blog\/wp-json\/wp\/v2\/media?parent=474"}],"curies":[{"name":"wp","href":"https:\/\/api.w.org\/{rel}","templated":true}]}}