{"id":240,"date":"2007-06-02T22:25:34","date_gmt":"2007-06-02T20:25:34","guid":{"rendered":"http:\/\/www.de-brand.net\/blog\/impressum\/"},"modified":"2007-06-02T22:25:34","modified_gmt":"2007-06-02T20:25:34","slug":"impressum","status":"publish","type":"page","link":"https:\/\/www.de-brand.net\/blog\/impressum\/","title":{"rendered":"Impressum"},"content":{"rendered":"<p>Kris Krois<\/p>\n<p>kris [at] de-brand [dot] net<\/p>\n<p>Herzogstr. 94<\/p>\n<p>80796 M\u00fcnchen<\/p>\n<p>Jeder Autor ist f\u00fcr seine Inhalte selbst verantwortlich. F\u00fcr die Inhalte verlinkter Seiten sind nat\u00fcrlich deren Autoren bzw. Betreiber verantwortlich.<\/p>\n","protected":false},"excerpt":{"rendered":"<p>Kris Krois kris [at] de-brand [dot] net Herzogstr. 94 80796 M\u00fcnchen Jeder Autor ist f\u00fcr seine Inhalte selbst verantwortlich. F\u00fcr die Inhalte verlinkter Seiten sind nat\u00fcrlich deren Autoren bzw. Betreiber verantwortlich.<\/p>\n","protected":false},"author":1,"featured_media":0,"parent":0,"menu_order":0,"comment_status":"open","ping_status":"open","template":"","meta":{"footnotes":""},"class_list":["post-240","page","type-page","status-publish","hentry"],"_links":{"self":[{"href":"https:\/\/www.de-brand.net\/blog\/wp-json\/wp\/v2\/pages\/240","targetHints":{"allow":["GET"]}}],"collection":[{"href":"https:\/\/www.de-brand.net\/blog\/wp-json\/wp\/v2\/pages"}],"about":[{"href":"https:\/\/www.de-brand.net\/blog\/wp-json\/wp\/v2\/types\/page"}],"author":[{"embeddable":true,"href":"https:\/\/www.de-brand.net\/blog\/wp-json\/wp\/v2\/users\/1"}],"replies":[{"embeddable":true,"href":"https:\/\/www.de-brand.net\/blog\/wp-json\/wp\/v2\/comments?post=240"}],"version-history":[{"count":0,"href":"https:\/\/www.de-brand.net\/blog\/wp-json\/wp\/v2\/pages\/240\/revisions"}],"wp:attachment":[{"href":"https:\/\/www.de-brand.net\/blog\/wp-json\/wp\/v2\/media?parent=240"}],"curies":[{"name":"wp","href":"https:\/\/api.w.org\/{rel}","templated":true}]}}